{"id":4433,"date":"2020-04-02T14:51:54","date_gmt":"2020-04-02T14:51:54","guid":{"rendered":"https:\/\/www.marine.usf.edu\/c-image\/?page_id=4433"},"modified":"2020-04-02T14:56:20","modified_gmt":"2020-04-02T14:56:20","slug":"escucha-a-the-loop-podcasts-in-espanol","status":"publish","type":"page","link":"https:\/\/www.marine.usf.edu\/c-image\/escucha-a-the-loop-podcasts-in-espanol\/","title":{"rendered":"Escucha a &#8220;The Loop&#8221; Podcasts in Espanol"},"content":{"rendered":"<p><center><img decoding=\"async\" src=\"https:\/\/www.marine.usf.edu\/c-image\/wp-content\/uploads\/2019\/09\/loop-logo-esp-03.png\" width=\"500\" \/><\/center><i>Una serie de audio acerca del lodo, los microbios y los mam\u00edferos del Golfo del M\u00e9xico<\/i><\/p>\n<h3>Episodio 1: Descripci\u00f3n de C-IMAGE<\/h3>\n<h4><a href=\"https:\/\/www.marine.usf.edu\/c-image\/wp-content\/uploads\/attachments\/the-loop-episode-1-esp.pdf\" target=\"_blank\" rel=\"noopener noreferrer\">Transcripci\u00f3n en Espa\u00f1ol<\/a><\/h4>\n<audio class=\"wp-audio-shortcode\" id=\"audio-4433-1\" preload=\"none\" style=\"width: 100%;\" controls=\"controls\"><source type=\"audio\/mpeg\" src=\"https:\/\/www.marine.usf.edu\/c-image\/wp-content\/uploads\/2020\/04\/TheLoop_Ep1_180619_SPANISH.mp3?_=1\" \/><a href=\"https:\/\/www.marine.usf.edu\/c-image\/wp-content\/uploads\/2020\/04\/TheLoop_Ep1_180619_SPANISH.mp3\">https:\/\/www.marine.usf.edu\/c-image\/wp-content\/uploads\/2020\/04\/TheLoop_Ep1_180619_SPANISH.mp3<\/a><\/audio>\n<p>&nbsp;<\/p>\n<h3>Episodio 2: El Barro y La Sangre<\/h3>\n<h4><a href=\"https:\/\/www.marine.usf.edu\/c-image\/wp-content\/uploads\/attachments\/the-loop-episode-2-esp.pdf\" target=\"_blank\" rel=\"noopener noreferrer\">Transcripci\u00f3n en Espa\u00f1ol<\/a><\/h4>\n<audio class=\"wp-audio-shortcode\" id=\"audio-4433-2\" preload=\"none\" style=\"width: 100%;\" controls=\"controls\"><source type=\"audio\/mpeg\" src=\"https:\/\/www.marine.usf.edu\/c-image\/wp-content\/uploads\/2020\/04\/TheLoop_Ep2_180619_SPANISH.mp3?_=2\" \/><a href=\"https:\/\/www.marine.usf.edu\/c-image\/wp-content\/uploads\/2020\/04\/TheLoop_Ep2_180619_SPANISH.mp3\">https:\/\/www.marine.usf.edu\/c-image\/wp-content\/uploads\/2020\/04\/TheLoop_Ep2_180619_SPANISH.mp3<\/a><\/audio>\n<p>&nbsp;<\/p>\n<h3>Episodio 7: El Derrame Ixtoc: Refleciones<\/h3>\n<h4><a href=\"https:\/\/www.marine.usf.edu\/c-image\/wp-content\/uploads\/attachments\/the-loop-episode-7-esp.pdf\" target=\"_blank\" rel=\"noopener noreferrer\">Transcripci\u00f3n en Espa\u00f1ol<\/a><\/h4>\n<audio class=\"wp-audio-shortcode\" id=\"audio-4433-3\" preload=\"none\" style=\"width: 100%;\" controls=\"controls\"><source type=\"audio\/mpeg\" src=\"https:\/\/www.marine.usf.edu\/c-image\/wp-content\/uploads\/2020\/04\/TheLoop_Ep7_180619_SPANISH.mp3?_=3\" \/><a href=\"https:\/\/www.marine.usf.edu\/c-image\/wp-content\/uploads\/2020\/04\/TheLoop_Ep7_180619_SPANISH.mp3\">https:\/\/www.marine.usf.edu\/c-image\/wp-content\/uploads\/2020\/04\/TheLoop_Ep7_180619_SPANISH.mp3<\/a><\/audio>\n<p>&nbsp;<\/p>\n<h3>Episodio 8: En el Barro en M\u00e9xico<\/h3>\n<h4><a href=\"https:\/\/www.marine.usf.edu\/c-image\/wp-content\/uploads\/2020\/04\/TheLoop_ep8_ESP.docx\">Transcripci\u00f3n en Espa\u00f1ol<\/a><\/h4>\n<audio class=\"wp-audio-shortcode\" id=\"audio-4433-4\" preload=\"none\" style=\"width: 100%;\" controls=\"controls\"><source type=\"audio\/mpeg\" src=\"https:\/\/www.marine.usf.edu\/c-image\/wp-content\/uploads\/2020\/04\/TheLoop_ep8_180516a_SPANISH.mp3?_=4\" \/><a href=\"https:\/\/www.marine.usf.edu\/c-image\/wp-content\/uploads\/2020\/04\/TheLoop_ep8_180516a_SPANISH.mp3\">https:\/\/www.marine.usf.edu\/c-image\/wp-content\/uploads\/2020\/04\/TheLoop_ep8_180516a_SPANISH.mp3<\/a><\/audio>\n<p>&nbsp;<\/p>\n<h3>Episodio 9: Cienceia Forense<\/h3>\n<h4><a href=\"https:\/\/www.marine.usf.edu\/c-image\/wp-content\/uploads\/attachments\/the-loop-episode-9-esp.pdf\" target=\"_blank\" rel=\"noopener noreferrer\">Transcripci\u00f3n en Espa\u00f1ol<\/a><\/h4>\n<audio class=\"wp-audio-shortcode\" id=\"audio-4433-5\" preload=\"none\" style=\"width: 100%;\" controls=\"controls\"><source type=\"audio\/mpeg\" src=\"https:\/\/www.marine.usf.edu\/c-image\/wp-content\/uploads\/2020\/04\/TheLoop_Ep9_180619_SPANISH.mp3?_=5\" \/><a href=\"https:\/\/www.marine.usf.edu\/c-image\/wp-content\/uploads\/2020\/04\/TheLoop_Ep9_180619_SPANISH.mp3\">https:\/\/www.marine.usf.edu\/c-image\/wp-content\/uploads\/2020\/04\/TheLoop_Ep9_180619_SPANISH.mp3<\/a><\/audio>\n<p>&nbsp;<\/p>\n<p>To listen to The Loop in English, <a href=\"\/c-image\/resources\/media-player\">click here<\/a>.<\/p>\n","protected":false},"excerpt":{"rendered":"<p>Una serie de audio acerca del lodo, los microbios y los mam\u00edferos del Golfo del M\u00e9xico Episodio 1: Descripci\u00f3n de C-IMAGE Transcripci\u00f3n en Espa\u00f1ol &nbsp; Episodio 2: El Barro y La Sangre Transcripci\u00f3n en Espa\u00f1ol &nbsp; Episodio 7: El Derrame&hellip;<\/p>\n","protected":false},"author":2,"featured_media":0,"parent":0,"menu_order":0,"comment_status":"closed","ping_status":"closed","template":"","meta":{"_exactmetrics_skip_tracking":false,"_exactmetrics_sitenote_active":false,"_exactmetrics_sitenote_note":"","_exactmetrics_sitenote_category":0,"footnotes":""},"class_list":["post-4433","page","type-page","status-publish","hentry","entry","no-media"],"_links":{"self":[{"href":"https:\/\/www.marine.usf.edu\/c-image\/wp-json\/wp\/v2\/pages\/4433","targetHints":{"allow":["GET"]}}],"collection":[{"href":"https:\/\/www.marine.usf.edu\/c-image\/wp-json\/wp\/v2\/pages"}],"about":[{"href":"https:\/\/www.marine.usf.edu\/c-image\/wp-json\/wp\/v2\/types\/page"}],"author":[{"embeddable":true,"href":"https:\/\/www.marine.usf.edu\/c-image\/wp-json\/wp\/v2\/users\/2"}],"replies":[{"embeddable":true,"href":"https:\/\/www.marine.usf.edu\/c-image\/wp-json\/wp\/v2\/comments?post=4433"}],"version-history":[{"count":6,"href":"https:\/\/www.marine.usf.edu\/c-image\/wp-json\/wp\/v2\/pages\/4433\/revisions"}],"predecessor-version":[{"id":4438,"href":"https:\/\/www.marine.usf.edu\/c-image\/wp-json\/wp\/v2\/pages\/4433\/revisions\/4438"}],"wp:attachment":[{"href":"https:\/\/www.marine.usf.edu\/c-image\/wp-json\/wp\/v2\/media?parent=4433"}],"curies":[{"name":"wp","href":"https:\/\/api.w.org\/{rel}","templated":true}]}}