{"id":75,"date":"2017-03-28T03:29:35","date_gmt":"2017-03-28T03:29:35","guid":{"rendered":"http:\/\/mera.marine.usf.edu\/?page_id=75"},"modified":"2023-03-23T13:43:38","modified_gmt":"2023-03-23T13:43:38","slug":"sobre-nosotros","status":"publish","type":"page","link":"https:\/\/www.marine.usf.edu\/mera\/sobre-nosotros\/","title":{"rendered":"Sobre Nosotros"},"content":{"rendered":"<p><img decoding=\"async\" loading=\"lazy\" class=\"aligncenter wp-image-117 size-medium\" src=\"http:\/\/mera.marine.usf.edu\/wp-content\/uploads\/2017\/03\/wordcloud.esp_-e1490818176304-300x257.jpg\" alt=\"\" width=\"300\" height=\"257\" srcset=\"https:\/\/www.marine.usf.edu\/mera\/wp-content\/uploads\/2017\/03\/wordcloud.esp_-e1490818176304-300x257.jpg 300w, https:\/\/www.marine.usf.edu\/mera\/wp-content\/uploads\/2017\/03\/wordcloud.esp_-e1490818176304.jpg 614w\" sizes=\"(max-width: 300px) 85vw, 300px\" \/><\/p>\n<blockquote><p>La Investigaci\u00f3n MERA<\/p><\/blockquote>\n<div id='gallery-1' class='gallery galleryid-75 gallery-columns-4 gallery-size-medium'><figure class='gallery-item'>\n\t\t\t<div class='gallery-icon landscape'>\n\t\t\t\t<img width=\"300\" height=\"169\" src=\"https:\/\/www.marine.usf.edu\/mera\/wp-content\/uploads\/2017\/05\/surfers-300x169.jpg\" class=\"attachment-medium size-medium\" alt=\"\" decoding=\"async\" loading=\"lazy\" srcset=\"https:\/\/www.marine.usf.edu\/mera\/wp-content\/uploads\/2017\/05\/surfers-300x169.jpg 300w, https:\/\/www.marine.usf.edu\/mera\/wp-content\/uploads\/2017\/05\/surfers.jpg 500w\" sizes=\"(max-width: 300px) 85vw, 300px\" \/>\n\t\t\t<\/div><\/figure><figure class='gallery-item'>\n\t\t\t<div class='gallery-icon landscape'>\n\t\t\t\t<img width=\"300\" height=\"169\" src=\"https:\/\/www.marine.usf.edu\/mera\/wp-content\/uploads\/2017\/05\/River-mouth-kids-300x169.jpg\" class=\"attachment-medium size-medium\" alt=\"\" decoding=\"async\" loading=\"lazy\" srcset=\"https:\/\/www.marine.usf.edu\/mera\/wp-content\/uploads\/2017\/05\/River-mouth-kids-300x169.jpg 300w, https:\/\/www.marine.usf.edu\/mera\/wp-content\/uploads\/2017\/05\/River-mouth-kids.jpg 500w\" sizes=\"(max-width: 300px) 85vw, 300px\" \/>\n\t\t\t<\/div><\/figure><figure class='gallery-item'>\n\t\t\t<div class='gallery-icon landscape'>\n\t\t\t\t<img width=\"300\" height=\"169\" src=\"https:\/\/www.marine.usf.edu\/mera\/wp-content\/uploads\/2017\/05\/River-mouth-family-playing-300x169.jpg\" class=\"attachment-medium size-medium\" alt=\"\" decoding=\"async\" loading=\"lazy\" srcset=\"https:\/\/www.marine.usf.edu\/mera\/wp-content\/uploads\/2017\/05\/River-mouth-family-playing-300x169.jpg 300w, https:\/\/www.marine.usf.edu\/mera\/wp-content\/uploads\/2017\/05\/River-mouth-family-playing.jpg 500w\" sizes=\"(max-width: 300px) 85vw, 300px\" \/>\n\t\t\t<\/div><\/figure><figure class='gallery-item'>\n\t\t\t<div class='gallery-icon landscape'>\n\t\t\t\t<img width=\"300\" height=\"169\" src=\"https:\/\/www.marine.usf.edu\/mera\/wp-content\/uploads\/2017\/05\/JAC1-sunday-low-tide-300x169.jpg\" class=\"attachment-medium size-medium\" alt=\"\" decoding=\"async\" loading=\"lazy\" srcset=\"https:\/\/www.marine.usf.edu\/mera\/wp-content\/uploads\/2017\/05\/JAC1-sunday-low-tide-300x169.jpg 300w, https:\/\/www.marine.usf.edu\/mera\/wp-content\/uploads\/2017\/05\/JAC1-sunday-low-tide.jpg 500w\" sizes=\"(max-width: 300px) 85vw, 300px\" \/>\n\t\t\t<\/div><\/figure>\n\t\t<\/div>\n\n<p><strong>QU\u00c9:<\/strong> Una innovadora investigaci\u00f3n sobre la calidad del agua en las playas, en la cual se considera el comportamiento humano, la calidad del agua y la salud humana<\/p>\n<p><strong>POR QU\u00c9:<\/strong> Para mejorar el manejo de las playas y proteger la salud p\u00fablica en Costa Rica, otras regiones tropicales y alrededor del mundo<\/p>\n<p><strong>QUI\u00c9NES:<\/strong> Los cient\u00edficos de la <a href=\"http:\/\/www.smu.edu\">Universidad Metodista del Sur<\/a>, la <a href=\"http:\/\/www.usf.edu\/\">Universidad del Sur de la Florida<\/a>,&nbsp;y los <a href=\"http:\/\/www.microbioservices.com\/\">Servicios de Consultor\u00eda Biol\u00f3gica, INC.<\/a> trabajan en colaboraci\u00f3n con cient\u00edficos de instituciones, universidades y organizaciones no gubernamentales sin fines de lucro&nbsp;costarricenses<\/p>\n<p><strong>D\u00d3NDE:<\/strong> Una playa por la Costa Pac\u00edfica de Costa Rica<\/p>\n<p><strong>CU\u00c1NDO:<\/strong> De enero de 2017 a diciembre de 2022, con investigaciones en sitio durante 2017-2019<\/p>\n<div id='gallery-2' class='gallery galleryid-75 gallery-columns-4 gallery-size-thumbnail'><figure class='gallery-item'>\n\t\t\t<div class='gallery-icon landscape'>\n\t\t\t\t<img width=\"150\" height=\"150\" src=\"https:\/\/www.marine.usf.edu\/mera\/wp-content\/uploads\/2017\/03\/CR-beach-from-the-shade-150x150.jpg\" class=\"attachment-thumbnail size-thumbnail\" alt=\"\" decoding=\"async\" loading=\"lazy\" \/>\n\t\t\t<\/div><\/figure><figure class='gallery-item'>\n\t\t\t<div class='gallery-icon portrait'>\n\t\t\t\t<img width=\"150\" height=\"150\" src=\"https:\/\/www.marine.usf.edu\/mera\/wp-content\/uploads\/2017\/03\/CR-river-drainage-pipe-e1490664230644-150x150.jpg\" class=\"attachment-thumbnail size-thumbnail\" alt=\"\" decoding=\"async\" loading=\"lazy\" \/>\n\t\t\t<\/div><\/figure><figure class='gallery-item'>\n\t\t\t<div class='gallery-icon landscape'>\n\t\t\t\t<img width=\"150\" height=\"150\" src=\"https:\/\/www.marine.usf.edu\/mera\/wp-content\/uploads\/2017\/03\/CR-aerial-coastline-e1490664386890-150x150.jpg\" class=\"attachment-thumbnail size-thumbnail\" alt=\"\" decoding=\"async\" loading=\"lazy\" \/>\n\t\t\t<\/div><\/figure><figure class='gallery-item'>\n\t\t\t<div class='gallery-icon landscape'>\n\t\t\t\t<img width=\"150\" height=\"150\" src=\"https:\/\/www.marine.usf.edu\/mera\/wp-content\/uploads\/2017\/03\/CR-beach-surfer-2-150x150.jpg\" class=\"attachment-thumbnail size-thumbnail\" alt=\"\" decoding=\"async\" loading=\"lazy\" \/>\n\t\t\t<\/div><\/figure>\n\t\t<\/div>\n\n<blockquote><p><em>MERA es una investigaci\u00f3n con implicaciones del mundo real<\/em><\/p><\/blockquote>\n<p>Existe una conexi\u00f3n entre la salud&nbsp;&nbsp;de las personas y la condici\u00f3n de los recursos que disfrutan, como las playas.&nbsp;&nbsp;En esta investigaci\u00f3n innovadora buscamos combinar mediciones de la calidad del agua,&nbsp;&nbsp;informaci\u00f3n del cambio ambiental,&nbsp;&nbsp;actividades de las personas en la playa y decisiones locales sobre la gesti\u00f3n del agua. Todas estas, ser\u00e1n analizadas en conjunto para comprender mejor la salud de las personas y poder identificar qu\u00e9 cosas podr\u00edan da\u00f1ar los recursos h\u00eddricos de las costas. Usaremos lo que aprendamos de este estudio para sugerir v\u00edas que permitan mejorar la salud y el bienestar de los ba\u00f1istas. Tambi\u00e9n proporcionaremos opciones para ayudar a mantener y proteger los ecosistemas costeros. MERA es el primer estudio de este tipo en una zona tropical. Al colaborar con nuestros socios costarricenses, esta investigaci\u00f3n puede ayudar a mejorar la forma en que los l\u00edderes locales manejan las \u00e1reas costeras. Adem\u00e1s, el estudio proporcionar\u00e1 informaci\u00f3n a personas de todo el mundo, mejorando la comprensi\u00f3n de todos acerca de c\u00f3mo se relaciona la salud humana con las condiciones ambientales, un objetivo clave de <a href=\"https:\/\/sustainabledevelopment.un.org\/sdgs\">la Agenda 2030 para el Desarrollo Sostenible<\/a>. En \u00faltima instancia, la investigaci\u00f3n MERA est\u00e1 dise\u00f1ada para ayudar a mantener a las personas saludables y asegurarse de que los recursos ambientales de los que dependen tambi\u00e9n sean saludables.<\/p>\n<p><img decoding=\"async\" loading=\"lazy\" class=\"alignright size-large wp-image-205\" src=\"http:\/\/mera.marine.usf.edu\/wp-content\/uploads\/2017\/03\/healthybeaches-1024x226.jpg\" alt=\"\" width=\"840\" height=\"185\" srcset=\"https:\/\/www.marine.usf.edu\/mera\/wp-content\/uploads\/2017\/03\/healthybeaches-1024x226.jpg 1024w, https:\/\/www.marine.usf.edu\/mera\/wp-content\/uploads\/2017\/03\/healthybeaches-300x66.jpg 300w, https:\/\/www.marine.usf.edu\/mera\/wp-content\/uploads\/2017\/03\/healthybeaches-768x169.jpg 768w, https:\/\/www.marine.usf.edu\/mera\/wp-content\/uploads\/2017\/03\/healthybeaches-1200x265.jpg 1200w, https:\/\/www.marine.usf.edu\/mera\/wp-content\/uploads\/2017\/03\/healthybeaches.jpg 1460w\" sizes=\"(max-width: 709px) 85vw, (max-width: 909px) 67vw, (max-width: 1362px) 62vw, 840px\" \/><\/p>\n\n\n<p><\/p>\n\n\n\n<p><strong><a href=\"https:\/\/www.marine.usf.edu\/mera\/wp-content\/uploads\/2023\/03\/Results-Infographic-Spanish.pdf\" target=\"_blank\" rel=\"noreferrer noopener\">RESULTADOS INFOGRAFIA<\/a><\/strong><\/p>\n","protected":false},"excerpt":{"rendered":"<p>La Investigaci\u00f3n MERA QU\u00c9: Una innovadora investigaci\u00f3n sobre la calidad del agua en las playas, en la cual se considera el comportamiento humano, la calidad del agua y la salud humana POR QU\u00c9: Para mejorar el manejo de las playas y proteger la salud p\u00fablica en Costa Rica, otras regiones tropicales y alrededor del mundo &hellip; <a href=\"https:\/\/www.marine.usf.edu\/mera\/sobre-nosotros\/\" class=\"more-link\">Continue reading<span class=\"screen-reader-text\"> &#8220;Sobre Nosotros&#8221;<\/span><\/a><\/p>\n","protected":false},"author":2,"featured_media":0,"parent":0,"menu_order":0,"comment_status":"closed","ping_status":"closed","template":"","meta":[],"_links":{"self":[{"href":"https:\/\/www.marine.usf.edu\/mera\/wp-json\/wp\/v2\/pages\/75"}],"collection":[{"href":"https:\/\/www.marine.usf.edu\/mera\/wp-json\/wp\/v2\/pages"}],"about":[{"href":"https:\/\/www.marine.usf.edu\/mera\/wp-json\/wp\/v2\/types\/page"}],"author":[{"embeddable":true,"href":"https:\/\/www.marine.usf.edu\/mera\/wp-json\/wp\/v2\/users\/2"}],"replies":[{"embeddable":true,"href":"https:\/\/www.marine.usf.edu\/mera\/wp-json\/wp\/v2\/comments?post=75"}],"version-history":[{"count":17,"href":"https:\/\/www.marine.usf.edu\/mera\/wp-json\/wp\/v2\/pages\/75\/revisions"}],"predecessor-version":[{"id":511,"href":"https:\/\/www.marine.usf.edu\/mera\/wp-json\/wp\/v2\/pages\/75\/revisions\/511"}],"wp:attachment":[{"href":"https:\/\/www.marine.usf.edu\/mera\/wp-json\/wp\/v2\/media?parent=75"}],"curies":[{"name":"wp","href":"https:\/\/api.w.org\/{rel}","templated":true}]}}