{"id":82,"date":"2017-03-28T03:39:29","date_gmt":"2017-03-28T03:39:29","guid":{"rendered":"http:\/\/mera.marine.usf.edu\/?page_id=82"},"modified":"2021-10-05T17:19:23","modified_gmt":"2021-10-05T17:19:23","slug":"equipo-de-investigacion","status":"publish","type":"page","link":"https:\/\/www.marine.usf.edu\/mera\/equipo-de-investigacion\/","title":{"rendered":"Equipo de Investigaci\u00f3n"},"content":{"rendered":"<p><img decoding=\"async\" loading=\"lazy\" class=\"aligncenter wp-image-467 \" src=\"http:\/\/mera.marine.usf.edu\/wp-content\/uploads\/2020\/09\/MERA-logos-Spanish-flat-300x225.png\" alt=\"\" width=\"460\" height=\"345\" srcset=\"https:\/\/www.marine.usf.edu\/mera\/wp-content\/uploads\/2020\/09\/MERA-logos-Spanish-flat-300x225.png 300w, https:\/\/www.marine.usf.edu\/mera\/wp-content\/uploads\/2020\/09\/MERA-logos-Spanish-flat-1024x768.png 1024w, https:\/\/www.marine.usf.edu\/mera\/wp-content\/uploads\/2020\/09\/MERA-logos-Spanish-flat-768x576.png 768w, https:\/\/www.marine.usf.edu\/mera\/wp-content\/uploads\/2020\/09\/MERA-logos-Spanish-flat.png 1200w\" sizes=\"(max-width: 460px) 85vw, 460px\" \/><\/p>\n<p>Somos antrop\u00f3logos y cient\u00edficos naturales que trabajan en universidades, laboratorios privados, instituciones gubernamentales, as\u00ed como organizaciones no gubernamentales y organizaciones sin fines de lucro de los Estados Unidos de Am\u00e9rica y Costa Rica.<\/p>\n<blockquote><p>Investigadores Principales<\/p><\/blockquote>\n<div id='gallery-1' class='gallery galleryid-82 gallery-columns-3 gallery-size-thumbnail'><figure class='gallery-item'>\n\t\t\t<div class='gallery-icon portrait'>\n\t\t\t\t<img width=\"150\" height=\"150\" src=\"https:\/\/www.marine.usf.edu\/mera\/wp-content\/uploads\/2017\/03\/mya-breitbart-150x150.jpg\" class=\"attachment-thumbnail size-thumbnail\" alt=\"\" decoding=\"async\" loading=\"lazy\" aria-describedby=\"gallery-1-21\" \/>\n\t\t\t<\/div>\n\t\t\t\t<figcaption class='wp-caption-text gallery-caption' id='gallery-1-21'>\n\t\t\t\tDra. Breitbart, Investigadora Principal\n\t\t\t\t<\/figcaption><\/figure><figure class='gallery-item'>\n\t\t\t<div class='gallery-icon landscape'>\n\t\t\t\t<img width=\"150\" height=\"150\" src=\"https:\/\/www.marine.usf.edu\/mera\/wp-content\/uploads\/2017\/03\/M.-Cairns.-Headshot-150x150.jpg\" class=\"attachment-thumbnail size-thumbnail\" alt=\"\" decoding=\"async\" loading=\"lazy\" aria-describedby=\"gallery-1-148\" srcset=\"https:\/\/www.marine.usf.edu\/mera\/wp-content\/uploads\/2017\/03\/M.-Cairns.-Headshot-150x150.jpg 150w, https:\/\/www.marine.usf.edu\/mera\/wp-content\/uploads\/2017\/03\/M.-Cairns.-Headshot-300x300.jpg 300w, https:\/\/www.marine.usf.edu\/mera\/wp-content\/uploads\/2017\/03\/M.-Cairns.-Headshot-768x765.jpg 768w, https:\/\/www.marine.usf.edu\/mera\/wp-content\/uploads\/2017\/03\/M.-Cairns.-Headshot.jpg 877w\" sizes=\"(max-width: 150px) 85vw, 150px\" \/>\n\t\t\t<\/div>\n\t\t\t\t<figcaption class='wp-caption-text gallery-caption' id='gallery-1-148'>\n\t\t\t\tDra. Cairns, Investigadora Principal\n\t\t\t\t<\/figcaption><\/figure><figure class='gallery-item'>\n\t\t\t<div class='gallery-icon portrait'>\n\t\t\t\t<img width=\"150\" height=\"150\" src=\"https:\/\/www.marine.usf.edu\/mera\/wp-content\/uploads\/2017\/03\/vjharwood-150x150.jpg\" class=\"attachment-thumbnail size-thumbnail\" alt=\"\" decoding=\"async\" loading=\"lazy\" aria-describedby=\"gallery-1-20\" \/>\n\t\t\t<\/div>\n\t\t\t\t<figcaption class='wp-caption-text gallery-caption' id='gallery-1-20'>\n\t\t\t\tDra. Harwood, Co-Investigadora Principal\n\t\t\t\t<\/figcaption><\/figure>\n\t\t<\/div>\n\n<p><a href=\"http:\/\/www.marine.usf.edu\/faculty\/mya-breitbart\/65-mya-breitbart\">Dra. Mya Breitbart<\/a>, Profesora, Facultad de Ciencias Marinas de la Universidad de Florida del Sur (USF): Una vir\u00f3loga ambiental, cuyo laboratorio investiga diversos temas en virolog\u00eda, utilizando enfoques metagen\u00f3micos. Ella obtuvo su Ph.D. en la Universidad de California, San Diego \/ la Universidad del Estado de San Diego en 2006 y desde entonces ha sido reconocido como uno de los &#8220;10 brillantes&#8221; por la revista <em>Popular Science<\/em> en 2013.<\/p>\n<p><a href=\"http:\/\/www.smu.edu\/Dedman\/Academics\/Departments\/Anthropology\/People\/Faculty\/Cairns\">Dra. Maryann Cairns<\/a>, Profesora Asistente, Departamento de Antropologia de la <a href=\"http:\/\/www.smu.edu\">Universidad Met\u00f3dica del Sur<\/a> (SMU):\u00a0Una antrop\u00f3loga ambiental, cuya investigaci\u00f3n se centra en la intersecci\u00f3n del medio ambiente, la infraestructura, y la salud a trav\u00e9s del estudio etnogr\u00e1fico de paisajes acu\u00e1ticos contaminados. Ella obtuvo su Ph.D. en la USF en 2014. Se le otorg\u00f3 la prestigiosa beca postdoctoral de ciencia y tecnolog\u00eda, por la Asociaci\u00f3n Estadounidense para el Avance de la Ciencia (US AAAS), donde ha tenido la oportunidad de asesorar sobre la pol\u00edtica cient\u00edfica relacionada con el agua transfronteriza global.<\/p>\n<p><a href=\"http:\/\/biology.usf.edu\/ib\/faculty\/vharwood\/\">Dra. Valerie J. Harwood<\/a>, Profesora y Directora del Departamento, Departamento de la Biolog\u00eda Integrativa de la USF: Una microbi\u00f3loga ambiental, cuyo laboratorio investiga la microbiolog\u00eda del agua relacionada con la salud p\u00fablica (Ej., Pat\u00f3genos relacionados con aguas residuales y organismos indicadores, rastreo de fuentes microbianas, resistencia a los antibi\u00f3ticos). Ella obtuvo su Ph.D. en la Universidad del Viejo Dominio \/ La Escuela M\u00e9dica del Este de Virginia en 1992 y recibi\u00f3 un Premio Erudito Fulbright a Australia en 2015.<\/p>\n<blockquote><p><strong>Colaboradores Claves en Costa Rica<\/strong><\/p><\/blockquote>\n<div id='gallery-2' class='gallery galleryid-82 gallery-columns-4 gallery-size-medium'><figure class='gallery-item'>\n\t\t\t<div class='gallery-icon landscape'>\n\t\t\t\t<img width=\"300\" height=\"248\" src=\"https:\/\/www.marine.usf.edu\/mera\/wp-content\/uploads\/2017\/03\/nuevo-logo-AyA-300x248.jpg\" class=\"attachment-medium size-medium\" alt=\"\" decoding=\"async\" loading=\"lazy\" aria-describedby=\"gallery-2-163\" srcset=\"https:\/\/www.marine.usf.edu\/mera\/wp-content\/uploads\/2017\/03\/nuevo-logo-AyA-300x248.jpg 300w, https:\/\/www.marine.usf.edu\/mera\/wp-content\/uploads\/2017\/03\/nuevo-logo-AyA.jpg 652w\" sizes=\"(max-width: 300px) 85vw, 300px\" \/>\n\t\t\t<\/div>\n\t\t\t\t<figcaption class='wp-caption-text gallery-caption' id='gallery-2-163'>\n\t\t\t\tLaboratorio Nacional de Agua (LNA) de AyA\n\t\t\t\t<\/figcaption><\/figure><figure class='gallery-item'>\n\t\t\t<div class='gallery-icon landscape'>\n\t\t\t\t<img width=\"300\" height=\"146\" src=\"https:\/\/www.marine.usf.edu\/mera\/wp-content\/uploads\/2017\/03\/MarViva-logo-300x146.jpg\" class=\"attachment-medium size-medium\" alt=\"\" decoding=\"async\" loading=\"lazy\" aria-describedby=\"gallery-2-162\" \/>\n\t\t\t<\/div>\n\t\t\t\t<figcaption class='wp-caption-text gallery-caption' id='gallery-2-162'>\n\t\t\t\tFundaci\u00f3n MarViva\n\t\t\t\t<\/figcaption><\/figure><figure class='gallery-item'>\n\t\t\t<div class='gallery-icon portrait'>\n\t\t\t\t<img width=\"300\" height=\"300\" src=\"https:\/\/www.marine.usf.edu\/mera\/wp-content\/uploads\/2017\/03\/onesealogoazulverde-300x300.png\" class=\"attachment-medium size-medium\" alt=\"\" decoding=\"async\" loading=\"lazy\" aria-describedby=\"gallery-2-223\" srcset=\"https:\/\/www.marine.usf.edu\/mera\/wp-content\/uploads\/2017\/03\/onesealogoazulverde-300x300.png 300w, https:\/\/www.marine.usf.edu\/mera\/wp-content\/uploads\/2017\/03\/onesealogoazulverde-150x150.png 150w, https:\/\/www.marine.usf.edu\/mera\/wp-content\/uploads\/2017\/03\/onesealogoazulverde-768x768.png 768w, https:\/\/www.marine.usf.edu\/mera\/wp-content\/uploads\/2017\/03\/onesealogoazulverde-1024x1024.png 1024w, https:\/\/www.marine.usf.edu\/mera\/wp-content\/uploads\/2017\/03\/onesealogoazulverde-1200x1201.png 1200w, https:\/\/www.marine.usf.edu\/mera\/wp-content\/uploads\/2017\/03\/onesealogoazulverde.png 1981w\" sizes=\"(max-width: 300px) 85vw, 300px\" \/>\n\t\t\t<\/div>\n\t\t\t\t<figcaption class='wp-caption-text gallery-caption' id='gallery-2-223'>\n\t\t\t\tONG One Sea\n\t\t\t\t<\/figcaption><\/figure><figure class='gallery-item'>\n\t\t\t<div class='gallery-icon landscape'>\n\t\t\t\t<img width=\"300\" height=\"220\" src=\"https:\/\/www.marine.usf.edu\/mera\/wp-content\/uploads\/2018\/08\/Equipo-300x220.jpg\" class=\"attachment-medium size-medium\" alt=\"\" decoding=\"async\" loading=\"lazy\" aria-describedby=\"gallery-2-321\" srcset=\"https:\/\/www.marine.usf.edu\/mera\/wp-content\/uploads\/2018\/08\/Equipo-300x220.jpg 300w, https:\/\/www.marine.usf.edu\/mera\/wp-content\/uploads\/2018\/08\/Equipo-768x564.jpg 768w, https:\/\/www.marine.usf.edu\/mera\/wp-content\/uploads\/2018\/08\/Equipo-1024x753.jpg 1024w, https:\/\/www.marine.usf.edu\/mera\/wp-content\/uploads\/2018\/08\/Equipo-1200x882.jpg 1200w, https:\/\/www.marine.usf.edu\/mera\/wp-content\/uploads\/2018\/08\/Equipo.jpg 2048w\" sizes=\"(max-width: 300px) 85vw, 300px\" \/>\n\t\t\t<\/div>\n\t\t\t\t<figcaption class='wp-caption-text gallery-caption' id='gallery-2-321'>\n\t\t\t\tEstudiantes Universitarios de Costa Rica\n\t\t\t\t<\/figcaption><\/figure>\n\t\t<\/div>\n\n<p><a href=\"https:\/\/www.aya.go.cr\/laboratorio\/Paginas\/default.aspx\">Laboratorio Nacional de Agua (LNA) de AyA<\/a>: El laboratorio de calidad de agua oficial de Costa Rica, que se dedica a planificar, coordinar, y ejecutar, en conjunto con el Ministerio de Salud, la vigilancia de la calidad de agua tanto como la realizaci\u00f3n de investigaciones relacionados con el agua, el ambiente, y la salud en Costa Rica, con el fin de proteger la salud p\u00fablica. Actualmente, ellos cuentan con m\u00e1s que 75 t\u00e9cnicas de laboratorio acreditados por la Ente Costarricense de Acreditaci\u00f3n. Las siguientes personas lideran la participaci\u00f3n del LNA en la Investigaci\u00f3n MERA: Dr. Darner Mora Alvarado, Director del LNA,\u00a0<span lang=\"es\">un Microbi\u00f3logo con su Master en Salud P\u00fablica y Dr. Pablo C\u00e9sar Rivera Navarro, Coordinador de la Unidad de Investigaci\u00f3n en Agua, Ambiente y Salud, Microbi\u00f3logo con su Master en Gerencia de Calidad.\u00a0<\/span><\/p>\n<p><a href=\"http:\/\/www.marviva.net\">Fundaci\u00f3n Ma<\/a><a href=\"http:\/\/www.marviva.net\">rViva<\/a>:\u00a0Una organizaci\u00f3n no gubernamental, sin fines de lucro, que trabaja en Costa Rica, Panam\u00e1 y Colombia con el fin de impulsar la conservaci\u00f3n y el uso sostenible de los recursos marinos y costeros en el Pac\u00edfico Este Tropical.<\/p>\n<p><a href=\"http:\/\/onesea.org\">OneSea<\/a>: Una organizaci\u00f3n no gubernamental, sin fines de lucro, que tiene como misi\u00f3n inspirar conciencia hacia un cambio positivo, as\u00ed proteger nuestros mares de contaminaci\u00f3n.<\/p>\n<p>Estudiantes Universitarios de Costa Rica, estudiando en una variedad de universidades y carreras, trabajar\u00e1n con la Investigaci\u00f3n MERA, para ejecutar el estudio epidemiol\u00f3gico en la playa.<\/p>\n<blockquote><p>Investigadores Postdoctorales<\/p><\/blockquote>\n<figure id=\"attachment_493\" aria-describedby=\"caption-attachment-493\" style=\"width: 150px\" class=\"wp-caption alignright\"><img decoding=\"async\" loading=\"lazy\" class=\"wp-image-493 size-thumbnail\" src=\"http:\/\/mera.marine.usf.edu\/wp-content\/uploads\/2021\/07\/Allison-Cantor-headshot-150x150.jpg\" alt=\"\" width=\"150\" height=\"150\" \/><figcaption id=\"caption-attachment-493\" class=\"wp-caption-text\">Dra. Allison Cantor, Gerente de Comuniaciones e Investigadora Postdoctoral<\/figcaption><\/figure>\n<p><a href=\"https:\/\/people.smu.edu\/mcairns\/lab-team\/\">Dra. Allison R. Cantor<\/a>, Gerente de Comunicaciones de la Investigaci\u00f3n MERA, y becaria postdoctoral de Investigaci\u00f3n y Compromiso Internacional en Antropolog\u00eda de la SMU. Es una antrop\u00f3loga m\u00e9dica y especialista en salud p\u00fablica con un doctorado en antropolog\u00eda aplicada y el t\u00edtulo de m\u00e1ster en salud p\u00fablica por la Universidad del Sur de Florida. Allison se especializa en la investigaci\u00f3n participativa basada en la comunidad en las Am\u00e9ricas y ha investigado una serie de temas de salud en los EE.UU., Costa Rica y Per\u00fa, que incluyen la inseguridad alimentaria, Covid-19, el agua y el saneamiento, y la violencia obst\u00e9trica. Su libro sobre el turismo y la salud materna en las zonas rurales de Costa Rica se public\u00f3 en 2019. Tambi\u00e9n es consultora independiente y colabora con organizaciones como M\u00e9dicos Sin Fronteras y el Fondo de Poblaci\u00f3n de las Naciones Unidas (UNFPA).<\/p>\n<blockquote><p>Estudiantes de Posgrado<\/p><\/blockquote>\n<div id='gallery-3' class='gallery galleryid-82 gallery-columns-4 gallery-size-thumbnail'><figure class='gallery-item'>\n\t\t\t<div class='gallery-icon portrait'>\n\t\t\t\t<img width=\"150\" height=\"150\" src=\"https:\/\/www.marine.usf.edu\/mera\/wp-content\/uploads\/2017\/03\/megan.brown_-150x150.jpg\" class=\"attachment-thumbnail size-thumbnail\" alt=\"\" decoding=\"async\" loading=\"lazy\" aria-describedby=\"gallery-3-184\" \/>\n\t\t\t<\/div>\n\t\t\t\t<figcaption class='wp-caption-text gallery-caption' id='gallery-3-184'>\n\t\t\t\tMegan Brown, SMU Estudiante de Doctorado\n\t\t\t\t<\/figcaption><\/figure><figure class='gallery-item'>\n\t\t\t<div class='gallery-icon portrait'>\n\t\t\t\t<img width=\"150\" height=\"150\" src=\"https:\/\/www.marine.usf.edu\/mera\/wp-content\/uploads\/2020\/07\/Richard-Thomas-150x150.jpg\" class=\"attachment-thumbnail size-thumbnail\" alt=\"\" decoding=\"async\" loading=\"lazy\" aria-describedby=\"gallery-3-457\" \/>\n\t\t\t<\/div>\n\t\t\t\t<figcaption class='wp-caption-text gallery-caption' id='gallery-3-457'>\n\t\t\t\tRichie Thomas, SMU Estudiante de Doctorado\n\t\t\t\t<\/figcaption><\/figure><figure class='gallery-item'>\n\t\t\t<div class='gallery-icon landscape'>\n\t\t\t\t<img width=\"150\" height=\"150\" src=\"https:\/\/www.marine.usf.edu\/mera\/wp-content\/uploads\/2017\/03\/AGF-150x150.jpeg\" class=\"attachment-thumbnail size-thumbnail\" alt=\"\" decoding=\"async\" loading=\"lazy\" aria-describedby=\"gallery-3-192\" srcset=\"https:\/\/www.marine.usf.edu\/mera\/wp-content\/uploads\/2017\/03\/AGF-150x150.jpeg 150w, https:\/\/www.marine.usf.edu\/mera\/wp-content\/uploads\/2017\/03\/AGF-300x300.jpeg 300w, https:\/\/www.marine.usf.edu\/mera\/wp-content\/uploads\/2017\/03\/AGF-768x768.jpeg 768w, https:\/\/www.marine.usf.edu\/mera\/wp-content\/uploads\/2017\/03\/AGF.jpeg 960w\" sizes=\"(max-width: 150px) 85vw, 150px\" \/>\n\t\t\t<\/div>\n\t\t\t\t<figcaption class='wp-caption-text gallery-caption' id='gallery-3-192'>\n\t\t\t\tAdriana Gonz\u00e1lez Fern\u00e1ndez, USF Estudiante de Doctorado\n\t\t\t\t<\/figcaption><\/figure><figure class='gallery-item'>\n\t\t\t<div class='gallery-icon landscape'>\n\t\t\t\t<img width=\"150\" height=\"150\" src=\"https:\/\/www.marine.usf.edu\/mera\/wp-content\/uploads\/2017\/03\/javier-150x150.jpg\" class=\"attachment-thumbnail size-thumbnail\" alt=\"\" decoding=\"async\" loading=\"lazy\" aria-describedby=\"gallery-3-193\" srcset=\"https:\/\/www.marine.usf.edu\/mera\/wp-content\/uploads\/2017\/03\/javier-150x150.jpg 150w, https:\/\/www.marine.usf.edu\/mera\/wp-content\/uploads\/2017\/03\/javier-300x300.jpg 300w, https:\/\/www.marine.usf.edu\/mera\/wp-content\/uploads\/2017\/03\/javier.jpg 575w\" sizes=\"(max-width: 150px) 85vw, 150px\" \/>\n\t\t\t<\/div>\n\t\t\t\t<figcaption class='wp-caption-text gallery-caption' id='gallery-3-193'>\n\t\t\t\tJavier Gallard-Gongora, USF Estudiante de Doctorado\n\t\t\t\t<\/figcaption><\/figure>\n\t\t<\/div>\n\n<p>Megan Brown, Estudiante de doctorado, Escuela de Antropolog\u00eda de la SMU: Una especialista en salud p\u00fablica, actualmente trabajando en antropolog\u00eda ambiental y medicinal en el lab de Dra. Cairns, cuyas intereses de investigaci\u00f3n se incluyen cambios en los patrones de salud y enfermedad en los areas de transici\u00f3n ambiental. Ella obtuvo su masestr\u00eda en pol\u00edtica sanitaria mundial de la Escuela de Higiene y Medicina Tropical de Londres en 2016. Recientemente ella recibi\u00f3 una beca de investigaci\u00f3n del Centro de Cary M. Maguire por \u00c9tica y Responsabilidad P\u00fablica.<\/p>\n<p>Richie Thomas, Estudiante de doctorado, Escuela de Antropolog\u00eda de la SMU: Un especialista en educaci\u00f3n de la salud, actualmente se encuentra trabajando en el lab de antropolog\u00eda ambiental de la Dra. Cairns. Su investigaci\u00f3n doctoral estar\u00e1 enfocada en las percepciones de la contaminaci\u00f3n atmosf\u00e9rica antropog\u00e9nica y estrategias de prevenci\u00f3n para individuos en riesgo. Sus intereses adicionales incluyen la gesti\u00f3n de proyectos y estad\u00edsticas. Richie se gradu\u00f3 con una maestr\u00eda en Gesti\u00f3n de la Promoci\u00f3n de la Salud de la SMU en el 2017.<\/p>\n<p>Adriana Gonz\u00e1lez Fern\u00e1ndez, Estudiante de doctorado, Escuela de Biolog\u00eda Integrativa de la USF: Bi\u00f3loga con \u00e9nfasis en biotecnolog\u00eda, trabaj\u00f3 durante los \u00faltimos tres a\u00f1os para el Laboratorio Nacional de Aguas del Instituto Costarricense de Acueductos y Alcantarillados en Costa Rica. Sus investigaciones anteriores se encuentran dentro del campo de la calidad microbiol\u00f3gica del agua y la salud p\u00fablica.\u00a0 Actualmente, su investigaci\u00f3n en el laboratorio Harwood se centra en mejorar los m\u00e9todos para caracterizar la calidad microbiana del agua en las regiones tropicales y subtropicales.<\/p>\n<p>Javier F. Gallard-Gongora, Estudiante de doctorado, Escuela de Biolog\u00eda Integrativa de la USF: \u00a0Un microbi\u00f3logo ambiental, que reci\u00e9n obtuvo su maestr\u00eda de Salud P\u00fablica de la Universidad de Georgia del Sur. \u00c9l trabaja en el laboratorio de la Dra. Harwood, las \u00e1reas de inter\u00e9s incluyen la calidad del agua en relaci\u00f3n con la salud p\u00fablica y la percepci\u00f3n y el conocimiento del p\u00fablico acerca de la calidad del agua.<\/p>\n<blockquote><p>Consultores<\/p><\/blockquote>\n<p><a href=\"http:\/\/www.microbioservices.com\/\"><img decoding=\"async\" loading=\"lazy\" class=\"wp-image-65  alignright\" src=\"http:\/\/mera.marine.usf.edu\/wp-content\/uploads\/2017\/03\/BCS-logo-1-300x245.jpg\" width=\"150\" height=\"123\" \/>Los Servicios de Consultor\u00eda Biol\u00f3gica, INC.<\/a>:\u00a0Un laboratorio privado en Gainesville, Florida, USA, el cual dedica a pruebas microbianas avanzadas de muestras ambientales. Est\u00e1n acreditados por numerosas agencias, incluyendo la US EPA y el Centro de Control de Enfermedades de los EUA (US CDC).<\/p>\n<blockquote><p>Colaboradores<\/p><\/blockquote>\n<figure id=\"attachment_290\" aria-describedby=\"caption-attachment-290\" style=\"width: 150px\" class=\"wp-caption alignright\"><img decoding=\"async\" loading=\"lazy\" class=\"wp-image-290 size-thumbnail\" src=\"http:\/\/mera.marine.usf.edu\/wp-content\/uploads\/2018\/05\/Gordon.headshot-150x150.jpg\" alt=\"\" width=\"150\" height=\"150\" \/><figcaption id=\"caption-attachment-290\" class=\"wp-caption-text\">Dr. Ulmer, HSU Profesor Asistente<\/figcaption><\/figure>\n<p><a href=\"https:\/\/anthropology.humboldt.edu\/people\/gordon-ulmer\">Dr. Gordon Ulmer<\/a>, Profesor Asistente de Universidad Estatal de Humbolt: Antrop\u00f3logo ambiental y econ\u00f3mico, quien trabaj\u00f3 por MERA como investigador postdoctoral de la SMU, cuya investigaci\u00f3n se centra en temas de ecoturismo, econom\u00edas extractivas, ecolog\u00edas urbanas e infraestructuras y desarrollo global. \u00c9l recibi\u00f3 el DDRA de Fulbright-Hays para apoyar su trabajo de doctorado en la Universidad Estatal de Ohio, que investig\u00f3 c\u00f3mo las familias en Amazonia Per\u00fa se adaptan a los procesos globales que involucran la extracci\u00f3n de recursos y la conservaci\u00f3n de la biodiversidad. \u00c9l colabor\u00f3 como investigador postdoctoral con el equipo de MERA entre mayo 2018 a julio 2019.<\/p>\n<figure id=\"attachment_431\" aria-describedby=\"caption-attachment-431\" style=\"width: 150px\" class=\"wp-caption alignright\"><img decoding=\"async\" loading=\"lazy\" class=\"size-thumbnail wp-image-431\" src=\"http:\/\/mera.marine.usf.edu\/wp-content\/uploads\/2019\/08\/Symonds-12_24_18_0171.cropped-150x150.jpg\" alt=\"\" width=\"150\" height=\"150\" srcset=\"https:\/\/www.marine.usf.edu\/mera\/wp-content\/uploads\/2019\/08\/Symonds-12_24_18_0171.cropped-150x150.jpg 150w, https:\/\/www.marine.usf.edu\/mera\/wp-content\/uploads\/2019\/08\/Symonds-12_24_18_0171.cropped-300x297.jpg 300w, https:\/\/www.marine.usf.edu\/mera\/wp-content\/uploads\/2019\/08\/Symonds-12_24_18_0171.cropped-768x761.jpg 768w, https:\/\/www.marine.usf.edu\/mera\/wp-content\/uploads\/2019\/08\/Symonds-12_24_18_0171.cropped-1024x1015.jpg 1024w, https:\/\/www.marine.usf.edu\/mera\/wp-content\/uploads\/2019\/08\/Symonds-12_24_18_0171.cropped-1200x1190.jpg 1200w\" sizes=\"(max-width: 150px) 85vw, 150px\" \/><figcaption id=\"caption-attachment-431\" class=\"wp-caption-text\">Dra. Symonds, Investigadora Afiliada<\/figcaption><\/figure>\n<p><a href=\"https:\/\/www.linkedin.com\/in\/erin-m-symonds-phd\/\">Dra. Erin M. Symonds<\/a>, Investigadora Afiliada: Una microbi\u00f3loga ambiental, quien trabaj\u00f3 por MERA como gerente de proyecto e investigadora postdoctoral de la Facultad de Ciencias Marinas de la USF. Su investigaci\u00f3n se centra en la microbiolog\u00eda del agua relacionada con la salud p\u00fablica, identificando espec\u00edficamente pat\u00f3genos relacionados con las aguas residuales en el medio ambiente y la cuantificaci\u00f3n de los riesgos asociados para la salud humana. Ella era una becaria de la Agencia de Protecci\u00f3n Ambiental de los Estados Unidos (US EPA STAR) y recibi\u00f3 una Beca Fulbright de Investigaci\u00f3n Estudiantil de los EEUU. Ella colabor\u00f3 con la Investigaci\u00f3n MERA desde su inicio hasta agosto 2021.<\/p>\n","protected":false},"excerpt":{"rendered":"<p>Somos antrop\u00f3logos y cient\u00edficos naturales que trabajan en universidades, laboratorios privados, instituciones gubernamentales, as\u00ed como organizaciones no gubernamentales y organizaciones sin fines de lucro de los Estados Unidos de Am\u00e9rica y Costa Rica. Investigadores Principales Dra. Mya Breitbart, Profesora, Facultad de Ciencias Marinas de la Universidad de Florida del Sur (USF): Una vir\u00f3loga ambiental, cuyo &hellip; <a href=\"https:\/\/www.marine.usf.edu\/mera\/equipo-de-investigacion\/\" class=\"more-link\">Continue reading<span class=\"screen-reader-text\"> &#8220;Equipo de Investigaci\u00f3n&#8221;<\/span><\/a><\/p>\n","protected":false},"author":2,"featured_media":0,"parent":0,"menu_order":0,"comment_status":"closed","ping_status":"closed","template":"","meta":[],"_links":{"self":[{"href":"https:\/\/www.marine.usf.edu\/mera\/wp-json\/wp\/v2\/pages\/82"}],"collection":[{"href":"https:\/\/www.marine.usf.edu\/mera\/wp-json\/wp\/v2\/pages"}],"about":[{"href":"https:\/\/www.marine.usf.edu\/mera\/wp-json\/wp\/v2\/types\/page"}],"author":[{"embeddable":true,"href":"https:\/\/www.marine.usf.edu\/mera\/wp-json\/wp\/v2\/users\/2"}],"replies":[{"embeddable":true,"href":"https:\/\/www.marine.usf.edu\/mera\/wp-json\/wp\/v2\/comments?post=82"}],"version-history":[{"count":43,"href":"https:\/\/www.marine.usf.edu\/mera\/wp-json\/wp\/v2\/pages\/82\/revisions"}],"predecessor-version":[{"id":502,"href":"https:\/\/www.marine.usf.edu\/mera\/wp-json\/wp\/v2\/pages\/82\/revisions\/502"}],"wp:attachment":[{"href":"https:\/\/www.marine.usf.edu\/mera\/wp-json\/wp\/v2\/media?parent=82"}],"curies":[{"name":"wp","href":"https:\/\/api.w.org\/{rel}","templated":true}]}}